{"id":11903,"date":"2026-04-01T09:33:17","date_gmt":"2026-04-01T09:33:17","guid":{"rendered":"https:\/\/zxcm.com\/?page_id=11903"},"modified":"2026-04-01T13:28:32","modified_gmt":"2026-04-01T13:28:32","slug":"downloads","status":"publish","type":"page","link":"https:\/\/zxcm.com\/pt\/downloads\/","title":{"rendered":"Downloads"},"content":{"rendered":"<div class=\"wp-block-group is-layout-grid wp-container-core-group-is-layout-8198ec10 wp-block-group-is-layout-grid\" style=\"padding-top:var(--wp--preset--spacing--50);padding-right:var(--wp--preset--spacing--40);padding-bottom:var(--wp--preset--spacing--50);padding-left:var(--wp--preset--spacing--40)\">\n<div class=\"wp-block-group has-global-padding is-layout-constrained wp-container-core-group-is-layout-ce83ec6a wp-block-group-is-layout-constrained\" style=\"padding-right:0;padding-left:0\">\n<div class=\"wp-block-group is-vertical is-content-justification-center is-layout-flex wp-container-core-group-is-layout-67a24c4f wp-block-group-is-layout-flex\">\n<h2 class=\"wp-block-heading has-text-align-center\" style=\"font-size:clamp(2.2rem, 2.2rem + ((1vw - 0.2rem) * 3), 4rem);font-style:normal;font-weight:700\">Descarregue o ZXCM<br>Comerciante social<\/h2>\n\n\n\n<p class=\"has-text-align-center\" style=\"font-size:clamp(1.352rem, 1.352rem + ((1vw - 0.2rem) * 1.413), 2.2rem);line-height:1.1\">Escolha o seu dispositivo e obtenha rapidamente&nbsp;<br>acesso \u00e0 plataforma.<\/p>\n\n\n\n<figure class=\"wp-block-image size-large is-resized download-links-image\"><img loading=\"lazy\" decoding=\"async\" width=\"1024\" height=\"240\" src=\"https:\/\/zxcm.com\/wp-content\/uploads\/2026\/04\/download-links-icons-1024x240.png\" alt=\"\" class=\"wp-image-11911\" style=\"aspect-ratio:4.266544358344902;object-fit:cover;width:345px\" srcset=\"https:\/\/zxcm.com\/wp-content\/uploads\/2026\/04\/download-links-icons-1024x240.png 1024w, https:\/\/zxcm.com\/wp-content\/uploads\/2026\/04\/download-links-icons-300x70.png 300w, https:\/\/zxcm.com\/wp-content\/uploads\/2026\/04\/download-links-icons-768x180.png 768w, https:\/\/zxcm.com\/wp-content\/uploads\/2026\/04\/download-links-icons-18x4.png 18w, https:\/\/zxcm.com\/wp-content\/uploads\/2026\/04\/download-links-icons.png 1380w\" sizes=\"auto, (max-width: 1024px) 100vw, 1024px\" \/><\/figure>\n<\/div>\n\n\n\n<div class=\"wp-block-group download-links-card-container is-layout-grid wp-container-core-group-is-layout-988b637e wp-block-group-is-layout-grid\">\n<div class=\"wp-block-group download-link-card-container has-background is-layout-grid wp-container-core-group-is-layout-270b406a wp-block-group-is-layout-grid\" style=\"border-top-left-radius:20px;border-top-right-radius:20px;border-bottom-left-radius:20px;border-bottom-right-radius:20px;background-color:#f1f1f1;padding-top:var(--wp--preset--spacing--10);padding-right:var(--wp--preset--spacing--20);padding-bottom:var(--wp--preset--spacing--10);padding-left:var(--wp--preset--spacing--20)\">\n<div class=\"wp-block-group is-vertical is-layout-flex wp-container-core-group-is-layout-01814474 wp-block-group-is-layout-flex\">\n<div class=\"wp-block-group download-app-logo-container has-background has-global-padding is-layout-constrained wp-container-core-group-is-layout-4dae82d6 wp-block-group-is-layout-constrained\" style=\"border-style:none;border-width:0px;border-top-left-radius:100px;border-top-right-radius:100px;border-bottom-left-radius:100px;border-bottom-right-radius:100px;background-color:#e5e5e5;padding-top:0.4rem;padding-right:0.8rem;padding-bottom:0.7rem;padding-left:0.8rem\">\n<figure class=\"wp-block-image size-full is-resized download-app-logo-image\"><img loading=\"lazy\" decoding=\"async\" width=\"99\" height=\"120\" src=\"https:\/\/zxcm.com\/wp-content\/uploads\/2026\/04\/download-apple.png\" alt=\"\" class=\"wp-image-11908\" style=\"width:24px\" title=\"\" srcset=\"https:\/\/zxcm.com\/wp-content\/uploads\/2026\/04\/download-apple.png 99w, https:\/\/zxcm.com\/wp-content\/uploads\/2026\/04\/download-apple-10x12.png 10w\" sizes=\"auto, (max-width: 99px) 100vw, 99px\" \/><\/figure>\n<\/div>\n\n\n\n<p class=\"download-link-title has-text-color has-link-color wp-elements-1496c4c18d0dbfdef1500adc7ee303f5\" style=\"color:#565656;font-size:clamp(0.875rem, 0.875rem + ((1vw - 0.2rem) * 0.625), 1.25rem);\">Celular<\/p>\n\n\n\n<p style=\"font-size:clamp(1.119rem, 1.119rem + ((1vw - 0.2rem) * 1.052), 1.75rem);\"><strong>iOS<\/strong><\/p>\n<\/div>\n\n\n\n<p style=\"font-size:clamp(0.875rem, 0.875rem + ((1vw - 0.2rem) * 0.625), 1.25rem);\">Instale o ZXCM Social Trader em<br>o seu iPhone e explore,\u00a0<br>seguir e gerir estrat\u00e9gias\u00a0<br>em movimento.<\/p>\n\n\n\n<div class=\"wp-block-group download-link-image-install has-custom-primary-background-color has-background is-nowrap is-layout-flex wp-container-core-group-is-layout-8d5878e1 wp-block-group-is-layout-flex\" style=\"border-top-left-radius:100px;border-top-right-radius:100px;border-bottom-left-radius:100px;border-bottom-right-radius:100px;padding-top:0.5rem;padding-right:var(--wp--preset--spacing--20);padding-bottom:0.5rem;padding-left:var(--wp--preset--spacing--20)\">\n<figure class=\"wp-block-image size-full app-logo-download-image\"><a href=\"https:\/\/apps.apple.com\/lb\/app\/zxcm-social-trader\/id6753684588\" target=\"_blank\" rel=\" noreferrer noopener\"><img loading=\"lazy\" decoding=\"async\" width=\"512\" height=\"128\" src=\"https:\/\/zxcm.com\/wp-content\/uploads\/2026\/01\/app-store.png\" alt=\"\" class=\"wp-image-9850\" srcset=\"https:\/\/zxcm.com\/wp-content\/uploads\/2026\/01\/app-store.png 512w, https:\/\/zxcm.com\/wp-content\/uploads\/2026\/01\/app-store-300x75.png 300w, https:\/\/zxcm.com\/wp-content\/uploads\/2026\/01\/app-store-18x5.png 18w\" sizes=\"auto, (max-width: 512px) 100vw, 512px\" \/><\/a><\/figure>\n<\/div>\n\n\n\n<div class=\"wp-block-group download-link-image-install-hover has-custom-accent-color has-custom-white-background-color has-text-color has-background has-link-color wp-elements-fbee12f5803f90363a534f1587ae2ffc wp-container-content-64aeeb98 is-nowrap is-layout-flex wp-container-core-group-is-layout-2d69f2ff wp-block-group-is-layout-flex\" style=\"border-top-left-radius:100px;border-top-right-radius:100px;border-bottom-left-radius:100px;border-bottom-right-radius:100px;padding-top:0.5rem;padding-right:var(--wp--preset--spacing--20);padding-bottom:0.5rem;padding-left:var(--wp--preset--spacing--20)\">\n<figure class=\"wp-block-image size-full\"><a href=\"https:\/\/apps.apple.com\/lb\/app\/zxcm-social-trader\/id6753684588\" target=\"_blank\" rel=\" noreferrer noopener\"><img loading=\"lazy\" decoding=\"async\" width=\"66\" height=\"99\" src=\"https:\/\/zxcm.com\/wp-content\/uploads\/2026\/04\/download-icon-edited.png\" alt=\"\" class=\"wp-image-12002\" srcset=\"https:\/\/zxcm.com\/wp-content\/uploads\/2026\/04\/download-icon-edited.png 66w, https:\/\/zxcm.com\/wp-content\/uploads\/2026\/04\/download-icon-edited-8x12.png 8w\" sizes=\"auto, (max-width: 66px) 100vw, 66px\" \/><\/a><\/figure>\n\n\n\n<p class=\"has-black-color has-text-color has-link-color wp-elements-4fe0f5b26dc4ad6f5e754cc6dbb002d1\"><a href=\"https:\/\/apps.apple.com\/lb\/app\/zxcm-social-trader\/id6753684588\" target=\"_blank\" rel=\"noreferrer noopener\">Descarregar<\/a><\/p>\n<\/div>\n<\/div>\n\n\n\n<div class=\"wp-block-group download-link-card-container has-background is-layout-grid wp-container-core-group-is-layout-270b406a wp-block-group-is-layout-grid\" style=\"border-top-left-radius:20px;border-top-right-radius:20px;border-bottom-left-radius:20px;border-bottom-right-radius:20px;background-color:#f1f1f1;padding-top:var(--wp--preset--spacing--10);padding-right:var(--wp--preset--spacing--20);padding-bottom:var(--wp--preset--spacing--10);padding-left:var(--wp--preset--spacing--20)\">\n<div class=\"wp-block-group is-vertical is-layout-flex wp-container-core-group-is-layout-01814474 wp-block-group-is-layout-flex\">\n<div class=\"wp-block-group download-app-logo-container has-background has-global-padding is-layout-constrained wp-container-core-group-is-layout-4dae82d6 wp-block-group-is-layout-constrained\" style=\"border-style:none;border-width:0px;border-top-left-radius:100px;border-top-right-radius:100px;border-bottom-left-radius:100px;border-bottom-right-radius:100px;background-color:#e5e5e5;padding-top:0.4rem;padding-right:0.8rem;padding-bottom:0.7rem;padding-left:0.8rem\">\n<figure class=\"wp-block-image size-full is-resized download-app-logo-image\"><img loading=\"lazy\" decoding=\"async\" width=\"114\" height=\"126\" src=\"https:\/\/zxcm.com\/wp-content\/uploads\/2026\/04\/download-android.png\" alt=\"\" class=\"wp-image-11907\" style=\"width:24px\" title=\"\" srcset=\"https:\/\/zxcm.com\/wp-content\/uploads\/2026\/04\/download-android.png 114w, https:\/\/zxcm.com\/wp-content\/uploads\/2026\/04\/download-android-11x12.png 11w\" sizes=\"auto, (max-width: 114px) 100vw, 114px\" \/><\/figure>\n<\/div>\n\n\n\n<p class=\"download-link-title has-text-color has-link-color wp-elements-c0c119c1af2c340c8ae8c6a4289401b6\" style=\"color:#565656;font-size:clamp(0.875rem, 0.875rem + ((1vw - 0.2rem) * 0.625), 1.25rem);\">Telem\u00f3vel\/Tablet<\/p>\n\n\n\n<p style=\"font-size:clamp(1.119rem, 1.119rem + ((1vw - 0.2rem) * 1.052), 1.75rem);\"><strong>Android<\/strong><\/p>\n<\/div>\n\n\n\n<p style=\"font-size:clamp(0.875rem, 0.875rem + ((1vw - 0.2rem) * 0.625), 1.25rem);\">Obtenha o ZXCM Social Trader em\u00a0<br>o seu dispositivo Android para um acesso r\u00e1pido\u00a0<br>acesso \u00e0 descoberta de estrat\u00e9gias\u00a0<br>e copy trading.<\/p>\n\n\n\n<div class=\"wp-block-group download-link-image-install has-custom-primary-background-color has-background is-nowrap is-layout-flex wp-container-core-group-is-layout-8d5878e1 wp-block-group-is-layout-flex\" style=\"border-top-left-radius:100px;border-top-right-radius:100px;border-bottom-left-radius:100px;border-bottom-right-radius:100px;padding-top:0.5rem;padding-right:var(--wp--preset--spacing--20);padding-bottom:0.5rem;padding-left:var(--wp--preset--spacing--20)\">\n<figure class=\"wp-block-image size-full app-logo-download-image\"><a href=\"https:\/\/play.google.com\/store\/apps\/details?id=com.zxcm.pelican\" target=\"_blank\" rel=\" noreferrer noopener\"><img loading=\"lazy\" decoding=\"async\" width=\"508\" height=\"116\" src=\"https:\/\/zxcm.com\/wp-content\/uploads\/2026\/01\/google-play.png\" alt=\"\" class=\"wp-image-9851\" srcset=\"https:\/\/zxcm.com\/wp-content\/uploads\/2026\/01\/google-play.png 508w, https:\/\/zxcm.com\/wp-content\/uploads\/2026\/01\/google-play-300x69.png 300w, https:\/\/zxcm.com\/wp-content\/uploads\/2026\/01\/google-play-18x4.png 18w\" sizes=\"auto, (max-width: 508px) 100vw, 508px\" \/><\/a><\/figure>\n<\/div>\n\n\n\n<div class=\"wp-block-group download-link-image-install-hover has-custom-accent-color has-custom-white-background-color has-text-color has-background has-link-color wp-elements-36f33c10346e16f9a25d7bc177b12a46 wp-container-content-64aeeb98 is-nowrap is-layout-flex wp-container-core-group-is-layout-2d69f2ff wp-block-group-is-layout-flex\" style=\"border-top-left-radius:100px;border-top-right-radius:100px;border-bottom-left-radius:100px;border-bottom-right-radius:100px;padding-top:0.5rem;padding-right:var(--wp--preset--spacing--20);padding-bottom:0.5rem;padding-left:var(--wp--preset--spacing--20)\">\n<figure class=\"wp-block-image size-full\"><a href=\"https:\/\/play.google.com\/store\/apps\/details?id=com.zxcm.pelican\" target=\"_blank\" rel=\" noreferrer noopener\"><img loading=\"lazy\" decoding=\"async\" width=\"66\" height=\"99\" src=\"https:\/\/zxcm.com\/wp-content\/uploads\/2026\/04\/download-icon-edited.png\" alt=\"\" class=\"wp-image-12002\" srcset=\"https:\/\/zxcm.com\/wp-content\/uploads\/2026\/04\/download-icon-edited.png 66w, https:\/\/zxcm.com\/wp-content\/uploads\/2026\/04\/download-icon-edited-8x12.png 8w\" sizes=\"auto, (max-width: 66px) 100vw, 66px\" \/><\/a><\/figure>\n\n\n\n<p class=\"has-black-color has-text-color has-link-color wp-elements-c4f245e7d16dabca5bf238db84d7c837\"><a href=\"https:\/\/play.google.com\/store\/apps\/details?id=com.zxcm.pelican\" target=\"_blank\" rel=\"noreferrer noopener\">Descarregar<\/a><\/p>\n<\/div>\n<\/div>\n\n\n\n<div class=\"wp-block-group download-link-card-container has-background is-layout-grid wp-container-core-group-is-layout-270b406a wp-block-group-is-layout-grid\" style=\"border-top-left-radius:20px;border-top-right-radius:20px;border-bottom-left-radius:20px;border-bottom-right-radius:20px;background-color:#f1f1f1;padding-top:var(--wp--preset--spacing--10);padding-right:var(--wp--preset--spacing--20);padding-bottom:var(--wp--preset--spacing--10);padding-left:var(--wp--preset--spacing--20)\">\n<div class=\"wp-block-group is-vertical is-layout-flex wp-container-core-group-is-layout-01814474 wp-block-group-is-layout-flex\">\n<div class=\"wp-block-group download-app-logo-container has-background has-global-padding is-layout-constrained wp-container-core-group-is-layout-4dae82d6 wp-block-group-is-layout-constrained\" style=\"border-style:none;border-width:0px;border-top-left-radius:100px;border-top-right-radius:100px;border-bottom-left-radius:100px;border-bottom-right-radius:100px;background-color:#e5e5e5;padding-top:0.4rem;padding-right:0.8rem;padding-bottom:0.7rem;padding-left:0.8rem\">\n<figure class=\"wp-block-image size-full is-resized download-app-logo-image\"><img loading=\"lazy\" decoding=\"async\" width=\"126\" height=\"108\" src=\"https:\/\/zxcm.com\/wp-content\/uploads\/2026\/04\/download-desktop.png\" alt=\"\" class=\"wp-image-11909\" style=\"width:24px\" title=\"\" srcset=\"https:\/\/zxcm.com\/wp-content\/uploads\/2026\/04\/download-desktop.png 126w, https:\/\/zxcm.com\/wp-content\/uploads\/2026\/04\/download-desktop-14x12.png 14w\" sizes=\"auto, (max-width: 126px) 100vw, 126px\" \/><\/figure>\n<\/div>\n\n\n\n<p class=\"download-link-title has-text-color has-link-color wp-elements-3e6aab7a1aa129f81cd8a9a444921488\" style=\"color:#565656;font-size:clamp(0.875rem, 0.875rem + ((1vw - 0.2rem) * 0.625), 1.25rem);\">Desktop<\/p>\n\n\n\n<p style=\"font-size:clamp(1.119rem, 1.119rem + ((1vw - 0.2rem) * 1.052), 1.75rem);\"><strong>PC\/MAC<\/strong><\/p>\n<\/div>\n\n\n\n<p style=\"font-size:clamp(0.875rem, 0.875rem + ((1vw - 0.2rem) * 0.625), 1.25rem);\">Aceda ao Social Trader da ZXCM\u00a0<br>diretamente do seu browser. Sem necessidade de aplica\u00e7\u00e3o.\u00a0<br>Simples, r\u00e1pido e f\u00e1cil de usar.<\/p>\n\n\n\n<div class=\"wp-block-group web-download-link has-custom-primary-background-color has-background wp-container-content-64aeeb98 is-nowrap is-layout-flex wp-container-core-group-is-layout-8d5878e1 wp-block-group-is-layout-flex\" style=\"border-top-left-radius:100px;border-top-right-radius:100px;border-bottom-left-radius:100px;border-bottom-right-radius:100px;padding-top:0.5rem;padding-right:var(--wp--preset--spacing--20);padding-bottom:0.5rem;padding-left:var(--wp--preset--spacing--20)\">\n<p class=\"has-custom-white-color has-text-color has-link-color wp-elements-23225e6f6f4807ea3b3534dd5534ebf5\"><a href=\"https:\/\/zxcm.copy-trade.io\/\">Aceder \u00e0 vers\u00e3o Web<\/a><\/p>\n<\/div>\n<\/div>\n<\/div>\n\n\n\n<p class=\"has-text-align-center has-text-color has-link-color wp-elements-edfc51586fb995a3b80ae27f6ba9ca71\" style=\"color:#696868;font-size:clamp(0.875rem, 0.875rem + ((1vw - 0.2rem) * 0.042), 0.9rem);\">*Negociar envolve riscos. Todas as negocia\u00e7\u00f5es acarretam risco de perda. A ZX Capital Markets n\u00e3o oferece aconselhamento de investimento nem garante lucros.<\/p>\n<\/div>\n<\/div>","protected":false},"excerpt":{"rendered":"<p>Download&nbsp;ZXCMSocial&nbsp;Trader Choose&nbsp;your&nbsp;device&nbsp;and&nbsp;get&nbsp;quick&nbsp;access&nbsp;to&nbsp;the&nbsp;platform. Mobile Phone iOS Install\u00a0ZXCM\u00a0Social\u00a0Trader\u00a0onyour iPhone\u00a0and\u00a0explore,\u00a0follow,\u00a0and manage\u00a0strategies\u00a0on\u00a0the\u00a0go. Download Mobile Phone\/Tablet Android Get\u00a0ZXCM\u00a0Social\u00a0Trader\u00a0on\u00a0your Android\u00a0device\u00a0for\u00a0quick\u00a0access\u00a0to strategy\u00a0discovery\u00a0and\u00a0copy\u00a0trading. Download Desktop PC\/MAC Access\u00a0ZXCM\u00a0Social\u00a0Trader\u00a0directly from\u00a0your\u00a0browser. No\u00a0app\u00a0needed.\u00a0Simple,\u00a0fast,\u00a0and\u00a0easy\u00a0to\u00a0use. Login to Web Version *Trading&nbsp;involves&nbsp;risk.&nbsp; All&nbsp;trading&nbsp;carries&nbsp;risk&nbsp;of&nbsp;loss. ZX&nbsp;Capital&nbsp;Markets&nbsp;does&nbsp;not&nbsp;provide&nbsp;investment advice&nbsp;or&nbsp;guarantee&nbsp;profits.<\/p>","protected":false},"author":1,"featured_media":0,"parent":0,"menu_order":0,"comment_status":"closed","ping_status":"closed","template":"download-links","meta":{"footnotes":""},"class_list":["post-11903","page","type-page","status-publish","hentry"],"yoast_head":"<!-- This site is optimized with the Yoast SEO plugin v27.4 - https:\/\/yoast.com\/product\/yoast-seo-wordpress\/ -->\n<title>ZXCM | Downloads<\/title>\n<meta name=\"robots\" content=\"index, follow, max-snippet:-1, max-image-preview:large, max-video-preview:-1\" \/>\n<link rel=\"canonical\" href=\"https:\/\/zxcm.com\/pt\/downloads\/\" \/>\n<meta property=\"og:locale\" content=\"pt_PT\" \/>\n<meta property=\"og:type\" content=\"article\" \/>\n<meta property=\"og:title\" content=\"ZXCM | Downloads\" \/>\n<meta property=\"og:description\" content=\"Download&nbsp;ZXCMSocial&nbsp;Trader Choose&nbsp;your&nbsp;device&nbsp;and&nbsp;get&nbsp;quick&nbsp;access&nbsp;to&nbsp;the&nbsp;platform. Mobile Phone iOS Install\u00a0ZXCM\u00a0Social\u00a0Trader\u00a0onyour iPhone\u00a0and\u00a0explore,\u00a0follow,\u00a0and manage\u00a0strategies\u00a0on\u00a0the\u00a0go. Download Mobile Phone\/Tablet Android Get\u00a0ZXCM\u00a0Social\u00a0Trader\u00a0on\u00a0your Android\u00a0device\u00a0for\u00a0quick\u00a0access\u00a0to strategy\u00a0discovery\u00a0and\u00a0copy\u00a0trading. Download Desktop PC\/MAC Access\u00a0ZXCM\u00a0Social\u00a0Trader\u00a0directly from\u00a0your\u00a0browser. No\u00a0app\u00a0needed.\u00a0Simple,\u00a0fast,\u00a0and\u00a0easy\u00a0to\u00a0use. Login to Web Version *Trading&nbsp;involves&nbsp;risk.&nbsp; All&nbsp;trading&nbsp;carries&nbsp;risk&nbsp;of&nbsp;loss. ZX&nbsp;Capital&nbsp;Markets&nbsp;does&nbsp;not&nbsp;provide&nbsp;investment advice&nbsp;or&nbsp;guarantee&nbsp;profits.\" \/>\n<meta property=\"og:url\" content=\"https:\/\/zxcm.com\/pt\/downloads\/\" \/>\n<meta property=\"og:site_name\" content=\"ZXCM\" \/>\n<meta property=\"article:publisher\" content=\"https:\/\/www.facebook.com\/zxcm.fx\" \/>\n<meta property=\"article:modified_time\" content=\"2026-04-01T13:28:32+00:00\" \/>\n<meta property=\"og:image\" content=\"https:\/\/zxcm.com\/wp-content\/uploads\/2026\/04\/download-links-icons.png\" \/>\n\t<meta property=\"og:image:width\" content=\"1380\" \/>\n\t<meta property=\"og:image:height\" content=\"324\" \/>\n\t<meta property=\"og:image:type\" content=\"image\/png\" \/>\n<meta name=\"twitter:card\" content=\"summary_large_image\" \/>\n<meta name=\"twitter:site\" content=\"@zxcm_fx\" \/>\n<meta name=\"twitter:label1\" content=\"Tempo estimado de leitura\" \/>\n\t<meta name=\"twitter:data1\" content=\"3 minutos\" \/>\n<script type=\"application\/ld+json\" class=\"yoast-schema-graph\">{\"@context\":\"https:\\\/\\\/schema.org\",\"@graph\":[{\"@type\":\"WebPage\",\"@id\":\"https:\\\/\\\/zxcm.com\\\/downloads\\\/\",\"url\":\"https:\\\/\\\/zxcm.com\\\/downloads\\\/\",\"name\":\"ZXCM | Downloads\",\"isPartOf\":{\"@id\":\"https:\\\/\\\/zxcm.com\\\/#website\"},\"primaryImageOfPage\":{\"@id\":\"https:\\\/\\\/zxcm.com\\\/downloads\\\/#primaryimage\"},\"image\":{\"@id\":\"https:\\\/\\\/zxcm.com\\\/downloads\\\/#primaryimage\"},\"thumbnailUrl\":\"https:\\\/\\\/zxcm.com\\\/wp-content\\\/uploads\\\/2026\\\/04\\\/download-links-icons-1024x240.png\",\"datePublished\":\"2026-04-01T09:33:17+00:00\",\"dateModified\":\"2026-04-01T13:28:32+00:00\",\"breadcrumb\":{\"@id\":\"https:\\\/\\\/zxcm.com\\\/downloads\\\/#breadcrumb\"},\"inLanguage\":\"pt-PT\",\"potentialAction\":[{\"@type\":\"ReadAction\",\"target\":[\"https:\\\/\\\/zxcm.com\\\/downloads\\\/\"]}]},{\"@type\":\"ImageObject\",\"inLanguage\":\"pt-PT\",\"@id\":\"https:\\\/\\\/zxcm.com\\\/downloads\\\/#primaryimage\",\"url\":\"https:\\\/\\\/zxcm.com\\\/wp-content\\\/uploads\\\/2026\\\/04\\\/download-links-icons-1024x240.png\",\"contentUrl\":\"https:\\\/\\\/zxcm.com\\\/wp-content\\\/uploads\\\/2026\\\/04\\\/download-links-icons-1024x240.png\"},{\"@type\":\"BreadcrumbList\",\"@id\":\"https:\\\/\\\/zxcm.com\\\/downloads\\\/#breadcrumb\",\"itemListElement\":[{\"@type\":\"ListItem\",\"position\":1,\"name\":\"Home\",\"item\":\"https:\\\/\\\/zxcm.com\\\/\"},{\"@type\":\"ListItem\",\"position\":2,\"name\":\"Downloads\"}]},{\"@type\":\"WebSite\",\"@id\":\"https:\\\/\\\/zxcm.com\\\/#website\",\"url\":\"https:\\\/\\\/zxcm.com\\\/\",\"name\":\"ZXCM\",\"description\":\"Trade Smarter, Trade Confidently.\",\"publisher\":{\"@id\":\"https:\\\/\\\/zxcm.com\\\/#organization\"},\"potentialAction\":[{\"@type\":\"SearchAction\",\"target\":{\"@type\":\"EntryPoint\",\"urlTemplate\":\"https:\\\/\\\/zxcm.com\\\/?s={search_term_string}\"},\"query-input\":{\"@type\":\"PropertyValueSpecification\",\"valueRequired\":true,\"valueName\":\"search_term_string\"}}],\"inLanguage\":\"pt-PT\"},{\"@type\":\"Organization\",\"@id\":\"https:\\\/\\\/zxcm.com\\\/#organization\",\"name\":\"ZXCM\",\"url\":\"https:\\\/\\\/zxcm.com\\\/\",\"logo\":{\"@type\":\"ImageObject\",\"inLanguage\":\"pt-PT\",\"@id\":\"https:\\\/\\\/zxcm.com\\\/#\\\/schema\\\/logo\\\/image\\\/\",\"url\":\"https:\\\/\\\/zxcm.com\\\/wp-content\\\/uploads\\\/2026\\\/01\\\/logox4.png\",\"contentUrl\":\"https:\\\/\\\/zxcm.com\\\/wp-content\\\/uploads\\\/2026\\\/01\\\/logox4.png\",\"width\":748,\"height\":384,\"caption\":\"ZXCM\"},\"image\":{\"@id\":\"https:\\\/\\\/zxcm.com\\\/#\\\/schema\\\/logo\\\/image\\\/\"},\"sameAs\":[\"https:\\\/\\\/www.facebook.com\\\/zxcm.fx\",\"https:\\\/\\\/x.com\\\/zxcm_fx\",\"https:\\\/\\\/www.linkedin.com\\\/company\\\/zxcm\",\"https:\\\/\\\/www.instagram.com\\\/zxcm.fx\\\/\"]}]}<\/script>\n<!-- \/ Yoast SEO plugin. -->","yoast_head_json":{"title":"ZXCM | Downloads","robots":{"index":"index","follow":"follow","max-snippet":"max-snippet:-1","max-image-preview":"max-image-preview:large","max-video-preview":"max-video-preview:-1"},"canonical":"https:\/\/zxcm.com\/pt\/downloads\/","og_locale":"pt_PT","og_type":"article","og_title":"ZXCM | Downloads","og_description":"Download&nbsp;ZXCMSocial&nbsp;Trader Choose&nbsp;your&nbsp;device&nbsp;and&nbsp;get&nbsp;quick&nbsp;access&nbsp;to&nbsp;the&nbsp;platform. Mobile Phone iOS Install\u00a0ZXCM\u00a0Social\u00a0Trader\u00a0onyour iPhone\u00a0and\u00a0explore,\u00a0follow,\u00a0and manage\u00a0strategies\u00a0on\u00a0the\u00a0go. Download Mobile Phone\/Tablet Android Get\u00a0ZXCM\u00a0Social\u00a0Trader\u00a0on\u00a0your Android\u00a0device\u00a0for\u00a0quick\u00a0access\u00a0to strategy\u00a0discovery\u00a0and\u00a0copy\u00a0trading. Download Desktop PC\/MAC Access\u00a0ZXCM\u00a0Social\u00a0Trader\u00a0directly from\u00a0your\u00a0browser. No\u00a0app\u00a0needed.\u00a0Simple,\u00a0fast,\u00a0and\u00a0easy\u00a0to\u00a0use. Login to Web Version *Trading&nbsp;involves&nbsp;risk.&nbsp; All&nbsp;trading&nbsp;carries&nbsp;risk&nbsp;of&nbsp;loss. ZX&nbsp;Capital&nbsp;Markets&nbsp;does&nbsp;not&nbsp;provide&nbsp;investment advice&nbsp;or&nbsp;guarantee&nbsp;profits.","og_url":"https:\/\/zxcm.com\/pt\/downloads\/","og_site_name":"ZXCM","article_publisher":"https:\/\/www.facebook.com\/zxcm.fx","article_modified_time":"2026-04-01T13:28:32+00:00","og_image":[{"width":1380,"height":324,"url":"https:\/\/zxcm.com\/wp-content\/uploads\/2026\/04\/download-links-icons.png","type":"image\/png"}],"twitter_card":"summary_large_image","twitter_site":"@zxcm_fx","twitter_misc":{"Tempo estimado de leitura":"3 minutos"},"schema":{"@context":"https:\/\/schema.org","@graph":[{"@type":"WebPage","@id":"https:\/\/zxcm.com\/downloads\/","url":"https:\/\/zxcm.com\/downloads\/","name":"ZXCM | Downloads","isPartOf":{"@id":"https:\/\/zxcm.com\/#website"},"primaryImageOfPage":{"@id":"https:\/\/zxcm.com\/downloads\/#primaryimage"},"image":{"@id":"https:\/\/zxcm.com\/downloads\/#primaryimage"},"thumbnailUrl":"https:\/\/zxcm.com\/wp-content\/uploads\/2026\/04\/download-links-icons-1024x240.png","datePublished":"2026-04-01T09:33:17+00:00","dateModified":"2026-04-01T13:28:32+00:00","breadcrumb":{"@id":"https:\/\/zxcm.com\/downloads\/#breadcrumb"},"inLanguage":"pt-PT","potentialAction":[{"@type":"ReadAction","target":["https:\/\/zxcm.com\/downloads\/"]}]},{"@type":"ImageObject","inLanguage":"pt-PT","@id":"https:\/\/zxcm.com\/downloads\/#primaryimage","url":"https:\/\/zxcm.com\/wp-content\/uploads\/2026\/04\/download-links-icons-1024x240.png","contentUrl":"https:\/\/zxcm.com\/wp-content\/uploads\/2026\/04\/download-links-icons-1024x240.png"},{"@type":"BreadcrumbList","@id":"https:\/\/zxcm.com\/downloads\/#breadcrumb","itemListElement":[{"@type":"ListItem","position":1,"name":"Home","item":"https:\/\/zxcm.com\/"},{"@type":"ListItem","position":2,"name":"Downloads"}]},{"@type":"WebSite","@id":"https:\/\/zxcm.com\/#website","url":"https:\/\/zxcm.com\/","name":"ZXCM","description":"Trade Smarter, Trade Confidently.","publisher":{"@id":"https:\/\/zxcm.com\/#organization"},"potentialAction":[{"@type":"SearchAction","target":{"@type":"EntryPoint","urlTemplate":"https:\/\/zxcm.com\/?s={search_term_string}"},"query-input":{"@type":"PropertyValueSpecification","valueRequired":true,"valueName":"search_term_string"}}],"inLanguage":"pt-PT"},{"@type":"Organization","@id":"https:\/\/zxcm.com\/#organization","name":"ZXCM","url":"https:\/\/zxcm.com\/","logo":{"@type":"ImageObject","inLanguage":"pt-PT","@id":"https:\/\/zxcm.com\/#\/schema\/logo\/image\/","url":"https:\/\/zxcm.com\/wp-content\/uploads\/2026\/01\/logox4.png","contentUrl":"https:\/\/zxcm.com\/wp-content\/uploads\/2026\/01\/logox4.png","width":748,"height":384,"caption":"ZXCM"},"image":{"@id":"https:\/\/zxcm.com\/#\/schema\/logo\/image\/"},"sameAs":["https:\/\/www.facebook.com\/zxcm.fx","https:\/\/x.com\/zxcm_fx","https:\/\/www.linkedin.com\/company\/zxcm","https:\/\/www.instagram.com\/zxcm.fx\/"]}]}},"_links":{"self":[{"href":"https:\/\/zxcm.com\/pt\/wp-json\/wp\/v2\/pages\/11903","targetHints":{"allow":["GET"]}}],"collection":[{"href":"https:\/\/zxcm.com\/pt\/wp-json\/wp\/v2\/pages"}],"about":[{"href":"https:\/\/zxcm.com\/pt\/wp-json\/wp\/v2\/types\/page"}],"author":[{"embeddable":true,"href":"https:\/\/zxcm.com\/pt\/wp-json\/wp\/v2\/users\/1"}],"replies":[{"embeddable":true,"href":"https:\/\/zxcm.com\/pt\/wp-json\/wp\/v2\/comments?post=11903"}],"version-history":[{"count":42,"href":"https:\/\/zxcm.com\/pt\/wp-json\/wp\/v2\/pages\/11903\/revisions"}],"predecessor-version":[{"id":12012,"href":"https:\/\/zxcm.com\/pt\/wp-json\/wp\/v2\/pages\/11903\/revisions\/12012"}],"wp:attachment":[{"href":"https:\/\/zxcm.com\/pt\/wp-json\/wp\/v2\/media?parent=11903"}],"curies":[{"name":"wp","href":"https:\/\/api.w.org\/{rel}","templated":true}]}}